{"id":118,"date":"2020-06-23T08:35:22","date_gmt":"2020-06-23T08:35:22","guid":{"rendered":"https:\/\/www.hipovida.pt\/?page_id=118"},"modified":"2022-04-26T10:02:30","modified_gmt":"2022-04-26T10:02:30","slug":"equitacao","status":"publish","type":"page","link":"https:\/\/www.hipovida.pt\/en\/equitacao\/","title":{"rendered":"EQUITA\u00c7\u00c3O"},"content":{"rendered":"<p>Arte de cavalgada. Treinamento feito para compreender melhor a psicologia do cavalo e coordenar a consci\u00eancia corporal humana \u00e0 do animal, buscando equil\u00edbrio e harmonia de movimentos de ambos como um todo.<br>\u00c9 um desporto que combate a ansiedade a depress\u00e3o, d\u00e1 confian\u00e7a, desenvolve o equil\u00edbrio, corrige a postura e trabalha todos os m\u00fasculos do corpo. Melhora a aprendizagem, concentra\u00e7\u00e3o e orienta\u00e7\u00e3o espacial. Melhora os exerc\u00edcios motores e psicomotores, proporciona uma sensa\u00e7\u00e3o de independ\u00eancia, estimulando a autoestima e autoconfian\u00e7a.<br>Para as crian\u00e7as, e n\u00e3o s\u00f3, estar junto de um cavalo \u00e9 um estado de esp\u00edrito t\u00e3o grande que faz com que estas possam sorrir, divertir, descontrair e ao mesmo tempo praticar exerc\u00edcio f\u00edsico.<br>Andar a cavalo faz bem ao corpo e \u00e0 mente.<\/p>","protected":false},"excerpt":{"rendered":"<p>Arte de cavalgada. Treinamento feito para compreender melhor a psicologia do cavalo e coordenar a consci\u00eancia corporal humana \u00e0 do animal, buscando equil\u00edbrio e harmonia de movimentos de ambos como um todo.\u00c9 um desporto que combate a ansiedade a depress\u00e3o, d\u00e1 confian\u00e7a, desenvolve o equil\u00edbrio, corrige a postura e trabalha [&hellip;]<\/p>\n","protected":false},"author":1,"featured_media":0,"parent":0,"menu_order":0,"comment_status":"closed","ping_status":"closed","template":"","meta":{"_themeisle_gutenberg_block_has_review":false,"footnotes":""},"class_list":["post-118","page","type-page","status-publish","hentry"],"aioseo_notices":[],"_links":{"self":[{"href":"https:\/\/www.hipovida.pt\/en\/wp-json\/wp\/v2\/pages\/118","targetHints":{"allow":["GET"]}}],"collection":[{"href":"https:\/\/www.hipovida.pt\/en\/wp-json\/wp\/v2\/pages"}],"about":[{"href":"https:\/\/www.hipovida.pt\/en\/wp-json\/wp\/v2\/types\/page"}],"author":[{"embeddable":true,"href":"https:\/\/www.hipovida.pt\/en\/wp-json\/wp\/v2\/users\/1"}],"replies":[{"embeddable":true,"href":"https:\/\/www.hipovida.pt\/en\/wp-json\/wp\/v2\/comments?post=118"}],"version-history":[{"count":2,"href":"https:\/\/www.hipovida.pt\/en\/wp-json\/wp\/v2\/pages\/118\/revisions"}],"predecessor-version":[{"id":285,"href":"https:\/\/www.hipovida.pt\/en\/wp-json\/wp\/v2\/pages\/118\/revisions\/285"}],"wp:attachment":[{"href":"https:\/\/www.hipovida.pt\/en\/wp-json\/wp\/v2\/media?parent=118"}],"curies":[{"name":"wp","href":"https:\/\/api.w.org\/{rel}","templated":true}]}}