{"id":123,"date":"2020-06-23T08:42:42","date_gmt":"2020-06-23T08:42:42","guid":{"rendered":"https:\/\/www.hipovida.pt\/?page_id=123"},"modified":"2025-08-06T11:05:23","modified_gmt":"2025-08-06T11:05:23","slug":"hipoterapia","status":"publish","type":"page","link":"https:\/\/www.hipovida.pt\/en\/hipoterapia\/","title":{"rendered":"HIPOTERAPIA"},"content":{"rendered":"<div class=\"wp-block-image is-resized animated fadeInBottomLeft\">\n<figure class=\"aligncenter size-large\"><img loading=\"lazy\" decoding=\"async\" width=\"907\" height=\"1024\" src=\"https:\/\/www.hipovida.pt\/wp-content\/uploads\/2025\/08\/Hipo-907x1024.jpg\" alt=\"\" class=\"wp-image-491\" style=\"width:645px;height:auto\" srcset=\"https:\/\/www.hipovida.pt\/wp-content\/uploads\/2025\/08\/Hipo-907x1024.jpg 907w, https:\/\/www.hipovida.pt\/wp-content\/uploads\/2025\/08\/Hipo-266x300.jpg 266w, https:\/\/www.hipovida.pt\/wp-content\/uploads\/2025\/08\/Hipo-768x867.jpg 768w, https:\/\/www.hipovida.pt\/wp-content\/uploads\/2025\/08\/Hipo-1360x1536.jpg 1360w, https:\/\/www.hipovida.pt\/wp-content\/uploads\/2025\/08\/Hipo-11x12.jpg 11w, https:\/\/www.hipovida.pt\/wp-content\/uploads\/2025\/08\/Hipo-600x678.jpg 600w, https:\/\/www.hipovida.pt\/wp-content\/uploads\/2025\/08\/Hipo.jpg 1406w\" sizes=\"auto, (max-width: 907px) 100vw, 907px\" \/><\/figure>\n<\/div>\n\n\n<p class=\"animated fadeInBottomLeft\"><em><strong>A hipoterapia tem como principal objetivo promover o desenvolvimento do estado psicol\u00f3gico, f\u00edsico e social do individuo, atualmente \u00e9 muito utilizada para pessoas com necessidades especiais, como por exemplo deficientes f\u00edsicos, atraso mental, autismo, etc A hipoterapia usa os movimentos do cavalo para desenvolver a capacidade do psicossocial, consistindo num m\u00e9todo educacional que favorece a aprendizagem, socializa\u00e7\u00e3o e o desenvolvimento global da pessoa.<\/strong><\/em><\/p>\n\n\n\n<p class=\"animated fadeInBottomLeft\">Os efeitos terap\u00eauticos com o cavalo t\u00eam sido descritos desde a \u00e9poca de Hip\u00f3crates (458-370 a.C.), que indicava a equita\u00e7\u00e3o como forma de regenerar a sa\u00fade. Os destinos do cavalo e do homem s\u00e3o insepar\u00e1veis. O cavalo foi utilizado como meio de conquista, de imigra\u00e7\u00e3o, de transporte, de trabalho, de venera\u00e7\u00e3o e de cren\u00e7a, na mitologia, na fabrica\u00e7\u00e3o de soro e vacina, no lazer e no desporto. Nos dias de hoje \u00e9 dado um grande destaque como instrumento de reabilita\u00e7\u00e3o e educa\u00e7\u00e3o.<\/p>\n\n\n\n<p class=\"animated fadeInBottomLeft\">A hipoterapia \u00e9 muito ben\u00e9fica para o desenvolvimento do individuo uma vez o&nbsp;cavalo origina movimentos tridimensionais (para cima e para baixo, para a esquerda e para a direita e para a frente e para tr\u00e1s) parecidos movimentos humanos, e este paralelismo favorece a constru\u00e7\u00e3o da perce\u00e7\u00e3o destes movimentos. Traduzindo-se desta forma em benef\u00edcios do sistema vestibular, controlo de movimento, consci\u00eancia do espa\u00e7o, entre outros.<\/p>\n\n\n\n<p class=\"animated fadeInBottomLeft\"><strong>Objetivos da Hipoterapia<\/strong><\/p>\n\n\n\n<p class=\"animated fadeInBottomLeft\">Proporcionar \u00e0s pessoas com necessidades especiais f\u00edsicas, mentais, visuais, auditivas e m\u00faltiplas, o seu desenvolvimento biopsicossocial, estimulando suas potencialidades, respeitando os seus limites e visando a integra\u00e7\u00e3o e inser\u00e7\u00e3o social.&nbsp;Tem ainda como objetivo mais espec\u00edfico:<\/p>\n\n\n\n<ul class=\"wp-block-list\">\n<li class=\"animated fadeInBottomLeft\">Proporcionar um bom equil\u00edbrio emocional e corporal;<\/li>\n\n\n\n<li class=\"animated fadeInBottomLeft\">Facilitar a organiza\u00e7\u00e3o de esquema corporal do praticante e da sua orienta\u00e7\u00e3o espacial;&nbsp;<\/li>\n\n\n\n<li class=\"animated fadeInBottomLeft\">Desenvolver a estrutura\u00e7\u00e3o temporal e o equil\u00edbrio psico-emocional;&nbsp;<\/li>\n\n\n\n<li class=\"animated fadeInBottomLeft\">Desenvolver e fortalecer fun\u00e7\u00f5es psicomotoras e for\u00e7a muscular;&nbsp;<\/li>\n\n\n\n<li class=\"animated fadeInBottomLeft\">Introduzir e refor\u00e7ar aprendizagens pedag\u00f3gicas;&nbsp;<\/li>\n\n\n\n<li class=\"animated fadeInBottomLeft\">Estimular a capacidade de aten\u00e7\u00e3o, concentra\u00e7\u00e3o;&nbsp;<\/li>\n\n\n\n<li class=\"animated fadeInBottomLeft\">Desenvolver a autoconfian\u00e7a e auto-estima;&nbsp;<\/li>\n\n\n\n<li class=\"animated fadeInBottomLeft\">Estimular a autonomia, independ\u00eancia na condu\u00e7\u00e3o e no intera\u00e7\u00e3o com o cavalo;&nbsp;<\/li>\n\n\n\n<li class=\"animated fadeInBottomLeft\">Integrar as fam\u00edlias, possibilitando a troca de experi\u00eancias, inclus\u00e3o social e fortalecimento&nbsp;&nbsp; dos v\u00ednculos familiares;&nbsp;<\/li>\n\n\n\n<li class=\"animated fadeInBottomLeft\">Introduzir as no\u00e7\u00f5es b\u00e1sicas de equita\u00e7\u00e3o<strong>.&nbsp;<\/strong><br><\/li>\n<\/ul>\n\n\n\n<p class=\"animated fadeInBottomLeft\"><strong>Principais beneficios<\/strong><\/p>\n\n\n\n<p class=\"animated fadeInBottomLeft\"><strong><em><u>Psicol\u00f3gicos<\/u><\/em><\/strong><em><u>&nbsp;<\/u><\/em><\/p>\n\n\n\n<ul class=\"wp-block-list\">\n<li class=\"animated fadeInBottomLeft\">Aumento da auto-estima, confian\u00e7a e autonomia;&nbsp;&nbsp;&nbsp;&nbsp;&nbsp;&nbsp;<\/li>\n\n\n\n<li class=\"animated fadeInBottomLeft\">Desenvolvimento da sociabilidade;<\/li>\n\n\n\n<li class=\"animated fadeInBottomLeft\">Diminui\u00e7\u00e3o da agressividade e intoler\u00e2ncia \u00e0 frustra\u00e7\u00e3o.<\/li>\n<\/ul>\n\n\n\n<p class=\"animated fadeInBottomLeft\"><em><u><strong>Cognitivos<\/strong><\/u><\/em><\/p>\n\n\n\n<ul class=\"wp-block-list\">\n<li class=\"animated fadeInBottomLeft\">Aumento da capacidade de comunica\u00e7\u00e3o e intera\u00e7\u00e3o das crian\u00e7as, sobretudo no que se refere ao desenvolvimento das v\u00e1rias formas de comunica\u00e7\u00e3o sobretudo da verbal;<\/li>\n\n\n\n<li class=\"animated fadeInBottomLeft\">Contribui para a estimula\u00e7\u00e3o da concentra\u00e7\u00e3o.<\/li>\n<\/ul>\n\n\n\n<p class=\"animated fadeInBottomLeft\"><strong><em><u>F\u00edsicos<\/u><\/em><\/strong><\/p>\n\n\n\n<ul class=\"wp-block-list\">\n<li class=\"animated fadeInBottomLeft\">Facilita o desenvolvimento do equil\u00edbrio, da no\u00e7\u00e3o de espa\u00e7o e postura;&nbsp;&nbsp;<\/li>\n\n\n\n<li class=\"animated fadeInBottomLeft\">Favorece a tonifica\u00e7\u00e3o da musculatura;<\/li>\n\n\n\n<li class=\"animated fadeInBottomLeft\">Melhora o tom de voz, o que facilita a pron\u00fancia de palavras devido a uma respira\u00e7\u00e3o correta.<\/li>\n<\/ul>\n\n\n\n<p class=\"animated fadeInBottomLeft\"><strong>A quem de destina?<\/strong><\/p>\n\n\n\n<p class=\"animated fadeInBottomLeft\">A Equita\u00e7\u00e3o Terap\u00eautica revela-se um complemento terap\u00eautico eficaz no tratamento de portadores das seguintes condi\u00e7\u00f5es: &nbsp;<\/p>\n\n\n\n<ul class=\"wp-block-list\">\n<li class=\"animated fadeInBottomLeft\">Atrasos gerais no desenvolvimento neuropsicomotor.&nbsp;<\/li>\n\n\n\n<li class=\"animated fadeInBottomLeft\">Atrasos mentais.&nbsp;<\/li>\n\n\n\n<li class=\"animated fadeInBottomLeft\">Autismo.&nbsp;<\/li>\n\n\n\n<li class=\"animated fadeInBottomLeft\">S\u00edndrome de Down.<\/li>\n\n\n\n<li class=\"animated fadeInBottomLeft\">Espinha b\u00edfida.<\/li>\n\n\n\n<li class=\"animated fadeInBottomLeft\">Esclerose m\u00faltipla.&nbsp;<\/li>\n\n\n\n<li class=\"animated fadeInBottomLeft\">Paralisias, hemiplegias e amputa\u00e7\u00f5es.<\/li>\n\n\n\n<li class=\"animated fadeInBottomLeft\">Distrofia muscular.&nbsp;<\/li>\n\n\n\n<li class=\"animated fadeInBottomLeft\">Traumas craneo-encef\u00e1licos.<\/li>\n\n\n\n<li class=\"animated fadeInBottomLeft\">Perda de mobilidade pela ocorr\u00eancia de um AVC.<\/li>\n\n\n\n<li class=\"animated fadeInBottomLeft\">Dist\u00farbios visuais e\/ou auditivos.<\/li>\n\n\n\n<li class=\"animated fadeInBottomLeft\">Epilepsia.&nbsp;<\/li>\n\n\n\n<li class=\"animated fadeInBottomLeft\">Reabilita\u00e7\u00e3o de acidentes.<\/li>\n\n\n\n<li class=\"animated fadeInBottomLeft\">Dist\u00farbios emocionais, que podem englobar, perturba\u00e7\u00f5es alimentares, toxicomanias, sociopatias e psicomancias.&nbsp;<\/li>\n\n\n\n<li class=\"animated fadeInBottomLeft\">Dificuldades de concentra\u00e7\u00e3o, da fala, de aprendizagem e de comunica\u00e7\u00e3o.<\/li>\n\n\n\n<li class=\"animated fadeInBottomLeft\">Hiperatividade.<\/li>\n\n\n\n<li class=\"animated fadeInBottomLeft\">Problemas de adapta\u00e7\u00e3o social.<\/li>\n\n\n\n<li class=\"animated fadeInBottomLeft\">Reabilita\u00e7\u00e3o de estados de ansiedade, stress, e doen\u00e7as psicossom\u00e1ticas associadas tais como, a depress\u00e3o e o luto.&nbsp;<\/li>\n<\/ul>\n\n\n\n<p class=\"has-text-align-center animated fadeInBottomLeft\"><strong>Contraindica\u00e7\u00f5es da Hipoterapia<\/strong><\/p>\n\n\n\n<p class=\"animated fadeInBottomLeft\">Antes de se come\u00e7ar um programa de hipoterapia \u00e9 recomendado uma avalia\u00e7\u00e3o&nbsp;&nbsp; de uma equipa de especialistas para definir o programa mais adequado. A hipoterapia n\u00e3o est\u00e1 indicada nos seguintes casos:<\/p>\n\n\n\n<ul class=\"wp-block-list\">\n<li class=\"animated fadeInBottomLeft\">&nbsp;Coluna inst\u00e1vel;<\/li>\n\n\n\n<li class=\"animated fadeInBottomLeft\">Tumor na coluna;<\/li>\n\n\n\n<li class=\"animated fadeInBottomLeft\">Deslocamento do quadril ou das primeiras v\u00e9rtebras do pesco\u00e7o;<\/li>\n\n\n\n<li class=\"animated fadeInBottomLeft\">Vertigens;<\/li>\n\n\n\n<li class=\"animated fadeInBottomLeft\">Medo incontorn\u00e1vel; entre outros.<\/li>\n<\/ul>","protected":false},"excerpt":{"rendered":"<p>A hipoterapia tem como principal objetivo promover o desenvolvimento do estado psicol\u00f3gico, f\u00edsico e social do individuo, atualmente \u00e9 muito utilizada para pessoas com necessidades especiais, como por exemplo deficientes f\u00edsicos, atraso mental, autismo, etc A hipoterapia usa os movimentos do cavalo para desenvolver a capacidade do psicossocial, consistindo num [&hellip;]<\/p>\n","protected":false},"author":1,"featured_media":0,"parent":0,"menu_order":0,"comment_status":"closed","ping_status":"closed","template":"","meta":{"_themeisle_gutenberg_block_has_review":false,"footnotes":""},"class_list":["post-123","page","type-page","status-publish","hentry"],"aioseo_notices":[],"_links":{"self":[{"href":"https:\/\/www.hipovida.pt\/en\/wp-json\/wp\/v2\/pages\/123","targetHints":{"allow":["GET"]}}],"collection":[{"href":"https:\/\/www.hipovida.pt\/en\/wp-json\/wp\/v2\/pages"}],"about":[{"href":"https:\/\/www.hipovida.pt\/en\/wp-json\/wp\/v2\/types\/page"}],"author":[{"embeddable":true,"href":"https:\/\/www.hipovida.pt\/en\/wp-json\/wp\/v2\/users\/1"}],"replies":[{"embeddable":true,"href":"https:\/\/www.hipovida.pt\/en\/wp-json\/wp\/v2\/comments?post=123"}],"version-history":[{"count":7,"href":"https:\/\/www.hipovida.pt\/en\/wp-json\/wp\/v2\/pages\/123\/revisions"}],"predecessor-version":[{"id":492,"href":"https:\/\/www.hipovida.pt\/en\/wp-json\/wp\/v2\/pages\/123\/revisions\/492"}],"wp:attachment":[{"href":"https:\/\/www.hipovida.pt\/en\/wp-json\/wp\/v2\/media?parent=123"}],"curies":[{"name":"wp","href":"https:\/\/api.w.org\/{rel}","templated":true}]}}