{"id":21,"date":"2020-03-13T10:27:05","date_gmt":"2020-03-13T10:27:05","guid":{"rendered":"https:\/\/www.hipovida.pt\/?page_id=21"},"modified":"2024-09-13T13:11:57","modified_gmt":"2024-09-13T13:11:57","slug":"inicio","status":"publish","type":"page","link":"https:\/\/www.hipovida.pt\/en\/","title":{"rendered":"In\u00edcio"},"content":{"rendered":"<p class=\"has-text-align-center has-large-font-size\"><strong>HIPOVIDA<\/strong><\/p>\n\n\n\n<p>A\u00a0<strong>HIPOVIDA<\/strong>\u00a0\u00e9 uma\u00a0<strong>IIES<\/strong>\u00a0(Iniciativa de Inova\u00e7\u00e3o e Empreendedorismo Social) que pretende combater o problema social da taxa de desemprego das pessoas com defici\u00eancia com o aumento da sua coloca\u00e7\u00e3o nas suas equipas, diminuindo assim a dificuldade de inser\u00e7\u00e3o no mercado de trabalho desta popula\u00e7\u00e3o. Pretende tamb\u00e9m desenvolver, restabelecer e maximizar compet\u00eancias na popula\u00e7\u00e3o, tanto a n\u00edvel de bem-estar\/ qualidade de vida e de relacionamento comportamental.<\/p>\n\n\n\n<p>inclus\u00e3o social, proporcionar melhor qualidade de vida aos seus clientes e m\u00faltiplas formas de viv\u00eancia em comum, dando-lhes respostas adequadas e qualificadas, nas suas diferentes fases de desenvolvimento.<\/p>\n\n\n\n<p>Todos os colaboradores da HIPOVIDA devem agir com&nbsp;<strong>Responsabilidade<\/strong>&nbsp;e&nbsp;<strong>Profissionalismo<\/strong>, cultura de&nbsp;<strong>Integridade,&nbsp;Lealdade<\/strong>&nbsp;e&nbsp;<strong>\u00c9tica<\/strong>&nbsp;nos servi\u00e7os, agindo de forma discreta, garantindo a&nbsp;<strong>Privacidade e&nbsp;Confidencialidade<\/strong>&nbsp;dos clientes e zelando pelos bens que lhe s\u00e3o confiados. Devem ainda agir de forma solid\u00e1ria e cooperativa com vista a promover a qualidade dos nossos servi\u00e7os, bem como a qualidade de vida dos nossos clientes. Para tal \u00e9 necess\u00e1rio agir com&nbsp;<strong>Motiva\u00e7\u00e3o,&nbsp;Rigor,&nbsp;Trabalhar em equipa<\/strong>, sentindo orgulho de pertencer a esta institui\u00e7\u00e3o.<\/p>","protected":false},"excerpt":{"rendered":"<p>HIPOVIDA A\u00a0HIPOVIDA\u00a0\u00e9 uma\u00a0IIES\u00a0(Iniciativa de Inova\u00e7\u00e3o e Empreendedorismo Social) que pretende combater o problema social da taxa de desemprego das pessoas com defici\u00eancia com o aumento da sua coloca\u00e7\u00e3o nas suas equipas, diminuindo assim a dificuldade de inser\u00e7\u00e3o no mercado de trabalho desta popula\u00e7\u00e3o. Pretende tamb\u00e9m desenvolver, restabelecer e maximizar compet\u00eancias [&hellip;]<\/p>\n","protected":false},"author":1,"featured_media":111,"parent":0,"menu_order":0,"comment_status":"closed","ping_status":"closed","template":"","meta":{"_themeisle_gutenberg_block_has_review":false,"footnotes":""},"class_list":["post-21","page","type-page","status-publish","has-post-thumbnail","hentry"],"aioseo_notices":[],"_links":{"self":[{"href":"https:\/\/www.hipovida.pt\/en\/wp-json\/wp\/v2\/pages\/21","targetHints":{"allow":["GET"]}}],"collection":[{"href":"https:\/\/www.hipovida.pt\/en\/wp-json\/wp\/v2\/pages"}],"about":[{"href":"https:\/\/www.hipovida.pt\/en\/wp-json\/wp\/v2\/types\/page"}],"author":[{"embeddable":true,"href":"https:\/\/www.hipovida.pt\/en\/wp-json\/wp\/v2\/users\/1"}],"replies":[{"embeddable":true,"href":"https:\/\/www.hipovida.pt\/en\/wp-json\/wp\/v2\/comments?post=21"}],"version-history":[{"count":3,"href":"https:\/\/www.hipovida.pt\/en\/wp-json\/wp\/v2\/pages\/21\/revisions"}],"predecessor-version":[{"id":266,"href":"https:\/\/www.hipovida.pt\/en\/wp-json\/wp\/v2\/pages\/21\/revisions\/266"}],"wp:featuredmedia":[{"embeddable":true,"href":"https:\/\/www.hipovida.pt\/en\/wp-json\/wp\/v2\/media\/111"}],"wp:attachment":[{"href":"https:\/\/www.hipovida.pt\/en\/wp-json\/wp\/v2\/media?parent=21"}],"curies":[{"name":"wp","href":"https:\/\/api.w.org\/{rel}","templated":true}]}}