{"id":293,"date":"2022-04-26T10:08:46","date_gmt":"2022-04-26T10:08:46","guid":{"rendered":"https:\/\/www.hipovida.pt\/?page_id=293"},"modified":"2024-09-19T13:49:11","modified_gmt":"2024-09-19T13:49:11","slug":"293-2","status":"publish","type":"page","link":"https:\/\/www.hipovida.pt\/en\/293-2\/","title":{"rendered":"INTERVEN\u00c7\u00d5ES ASSISTIDA POR ANIMAIS"},"content":{"rendered":"<div class=\"wp-block-image animated fadeInTopLeft\">\n<figure class=\"aligncenter size-large is-resized\"><img loading=\"lazy\" decoding=\"async\" width=\"1024\" height=\"1024\" src=\"https:\/\/www.hipovida.pt\/wp-content\/uploads\/2022\/04\/240112131_350445150142591_4179181223775207709_n-1024x1024.jpg\" alt=\"\" class=\"wp-image-301\" style=\"width:454px;height:454px\" srcset=\"https:\/\/www.hipovida.pt\/wp-content\/uploads\/2022\/04\/240112131_350445150142591_4179181223775207709_n-1024x1024.jpg 1024w, https:\/\/www.hipovida.pt\/wp-content\/uploads\/2022\/04\/240112131_350445150142591_4179181223775207709_n-300x300.jpg 300w, https:\/\/www.hipovida.pt\/wp-content\/uploads\/2022\/04\/240112131_350445150142591_4179181223775207709_n-150x150.jpg 150w, https:\/\/www.hipovida.pt\/wp-content\/uploads\/2022\/04\/240112131_350445150142591_4179181223775207709_n-768x768.jpg 768w, https:\/\/www.hipovida.pt\/wp-content\/uploads\/2022\/04\/240112131_350445150142591_4179181223775207709_n-1536x1536.jpg 1536w, https:\/\/www.hipovida.pt\/wp-content\/uploads\/2022\/04\/240112131_350445150142591_4179181223775207709_n-600x600.jpg 600w, https:\/\/www.hipovida.pt\/wp-content\/uploads\/2022\/04\/240112131_350445150142591_4179181223775207709_n-160x160.jpg 160w, https:\/\/www.hipovida.pt\/wp-content\/uploads\/2022\/04\/240112131_350445150142591_4179181223775207709_n.jpg 2048w\" sizes=\"auto, (max-width: 1024px) 100vw, 1024px\" \/><\/figure>\n<\/div>\n\n\n<p class=\"animated fadeInBottomLeft\"><strong>TAA<\/strong> (<strong>Terapias Assistidas por animais)<\/strong><\/p>\n\n\n\n<p class=\"animated fadeInBottomLeft\">\u00c9 uma interven\u00e7\u00e3o com metas definidas, planeadas e estruturadas, aplicada por profissionais de sa\u00fade e\/ou educa\u00e7\u00e3o. Todo o processo \u00e9 documentado e posteriormente avaliado. As TAA (Terapias Assistidas por animais) t\u00eam como objetivo melhorar fun\u00e7\u00f5es f\u00edsicas, cognitivas, comportamentais e\/ou socio-emocionais, na qual o animal \u00e9 parte integrante.<\/p>\n\n\n\n<p class=\"animated fadeInBottomLeft\"><strong>AAA (Atividades Assistidas Por Animais)<\/strong><\/p>\n\n\n\n<p class=\"animated fadeInBottomLeft\">S\u00e3o intera\u00e7\u00f5es informais\/visitas realizadas pelo bin\u00f3mio humano-animal para fins motivacionais, educativos e recreativos. Esta intera\u00e7\u00e3o n\u00e3o tem metas terap\u00eauticas. <\/p>\n\n\n\n<p class=\"animated fadeInBottomLeft\"><strong>BENEF\u00cdCIOS DAS INTERVEN\u00c7\u00d5ES ASSISTIDAS POR ANIMAIS<\/strong><\/p>\n\n\n\n<p class=\"animated fadeInBottomLeft\">&#8211; Moderar \/ reduzir stress;<\/p>\n\n\n\n<p class=\"animated fadeInBottomLeft\">&#8211; Aumentar a atividade f\u00edsica;<\/p>\n\n\n\n<p class=\"animated fadeInBottomLeft\">&#8211; Melhorar as habilidades motoras;<\/p>\n\n\n\n<p class=\"animated fadeInBottomLeft\">&#8211; Proporcionar apoio emocional;<\/p>\n\n\n\n<p class=\"animated fadeInBottomLeft\">&#8211; Trabalhar responsabilidade;<\/p>\n\n\n\n<p class=\"animated fadeInBottomLeft\">&#8211; Melhorar o estado de \u00e2nimo e o autocontrole de emo\u00e7\u00f5es;<\/p>\n\n\n\n<p class=\"animated fadeInBottomLeft\">&#8211; Aumentar a autoestima;<\/p>\n\n\n\n<p class=\"animated fadeInBottomLeft\">&#8211; Diminuir comportamentos agressivos;<\/p>\n\n\n\n<p class=\"animated fadeInBottomLeft\">&#8211; Servir de estimulo Social e Facilitador \u00e0s rela\u00e7\u00f5es interpessoais;<\/p>\n\n\n\n<p class=\"animated fadeInBottomLeft\">&#8211; Trabalhar o equil\u00edbrio e a coordena\u00e7\u00e3o;<\/p>\n\n\n\n<p class=\"animated fadeInBottomLeft\">&#8211; Impulsionar a autonomia e a responsabilidade.<\/p>","protected":false},"excerpt":{"rendered":"<p>TAA (Terapias Assistidas por animais) \u00c9 uma interven\u00e7\u00e3o com metas definidas, planeadas e estruturadas, aplicada por profissionais de sa\u00fade e\/ou educa\u00e7\u00e3o. Todo o processo \u00e9 documentado e posteriormente avaliado. As TAA (Terapias Assistidas por animais) t\u00eam como objetivo melhorar fun\u00e7\u00f5es f\u00edsicas, cognitivas, comportamentais e\/ou socio-emocionais, na qual o animal \u00e9 [&hellip;]<\/p>\n","protected":false},"author":1,"featured_media":0,"parent":0,"menu_order":0,"comment_status":"closed","ping_status":"closed","template":"","meta":{"_themeisle_gutenberg_block_has_review":false,"footnotes":""},"class_list":["post-293","page","type-page","status-publish","hentry"],"aioseo_notices":[],"_links":{"self":[{"href":"https:\/\/www.hipovida.pt\/en\/wp-json\/wp\/v2\/pages\/293","targetHints":{"allow":["GET"]}}],"collection":[{"href":"https:\/\/www.hipovida.pt\/en\/wp-json\/wp\/v2\/pages"}],"about":[{"href":"https:\/\/www.hipovida.pt\/en\/wp-json\/wp\/v2\/types\/page"}],"author":[{"embeddable":true,"href":"https:\/\/www.hipovida.pt\/en\/wp-json\/wp\/v2\/users\/1"}],"replies":[{"embeddable":true,"href":"https:\/\/www.hipovida.pt\/en\/wp-json\/wp\/v2\/comments?post=293"}],"version-history":[{"count":9,"href":"https:\/\/www.hipovida.pt\/en\/wp-json\/wp\/v2\/pages\/293\/revisions"}],"predecessor-version":[{"id":457,"href":"https:\/\/www.hipovida.pt\/en\/wp-json\/wp\/v2\/pages\/293\/revisions\/457"}],"wp:attachment":[{"href":"https:\/\/www.hipovida.pt\/en\/wp-json\/wp\/v2\/media?parent=293"}],"curies":[{"name":"wp","href":"https:\/\/api.w.org\/{rel}","templated":true}]}}