{"id":62,"date":"2020-03-13T11:36:25","date_gmt":"2020-03-13T11:36:25","guid":{"rendered":"https:\/\/www.hipovida.pt\/?page_id=62"},"modified":"2025-08-06T10:26:52","modified_gmt":"2025-08-06T10:26:52","slug":"quem-somos","status":"publish","type":"page","link":"https:\/\/www.hipovida.pt\/en\/quem-somos\/","title":{"rendered":"Quem Somos"},"content":{"rendered":"<div class=\"wp-block-image is-resized animated bounceInLeft\">\n<figure class=\"aligncenter size-large\"><img loading=\"lazy\" decoding=\"async\" width=\"914\" height=\"1024\" src=\"https:\/\/www.hipovida.pt\/wp-content\/uploads\/2025\/08\/WhatsApp-Image-2025-08-01-at-14.27.17-914x1024.jpeg\" alt=\"\" class=\"wp-image-484\" style=\"width:538px;height:auto\" srcset=\"https:\/\/www.hipovida.pt\/wp-content\/uploads\/2025\/08\/WhatsApp-Image-2025-08-01-at-14.27.17-914x1024.jpeg 914w, https:\/\/www.hipovida.pt\/wp-content\/uploads\/2025\/08\/WhatsApp-Image-2025-08-01-at-14.27.17-268x300.jpeg 268w, https:\/\/www.hipovida.pt\/wp-content\/uploads\/2025\/08\/WhatsApp-Image-2025-08-01-at-14.27.17-768x860.jpeg 768w, https:\/\/www.hipovida.pt\/wp-content\/uploads\/2025\/08\/WhatsApp-Image-2025-08-01-at-14.27.17-1371x1536.jpeg 1371w, https:\/\/www.hipovida.pt\/wp-content\/uploads\/2025\/08\/WhatsApp-Image-2025-08-01-at-14.27.17-11x12.jpeg 11w, https:\/\/www.hipovida.pt\/wp-content\/uploads\/2025\/08\/WhatsApp-Image-2025-08-01-at-14.27.17-600x672.jpeg 600w, https:\/\/www.hipovida.pt\/wp-content\/uploads\/2025\/08\/WhatsApp-Image-2025-08-01-at-14.27.17.jpeg 1400w\" sizes=\"auto, (max-width: 914px) 100vw, 914px\" \/><\/figure>\n<\/div>\n\n\n<p class=\"animated flipInX\">A <strong>HIPOVIDA<\/strong> \u00e9 uma <strong>IIES<\/strong> (Iniciativa de Inova\u00e7\u00e3o e Empreendedorismo Social) na qual a sua organiza\u00e7\u00e3o promotora \u00e9 a Associa\u00e7\u00e3o Portas P\u2019r\u00e0 Vida (Associa\u00e7\u00e3o Pais e Amigos do Cidad\u00e3o Deficiente dos Concelhos Vale do Douro- Sul \u2013 APPV), Institui\u00e7\u00e3o Particular de Solidariedade Social sem fins lucrativos e de utilidade p\u00fablica, que presta servi\u00e7os a pessoas com defici\u00eancia, sedeada na Mata da Viscondessa, Serra das Meadas, n\u00ba 963, 5100-062 Lamego.<\/p>\n\n\n\n<p class=\"animated flipInX\">Tem como objetivos:<\/p>\n\n\n\n<ul class=\"wp-block-list\">\n<li class=\"animated flipInX\">Inclus\u00e3o no mercado de trabalho de pessoa com defici\u00eancia e\/ou incapacidade do Concelho de Lamego.<\/li>\n\n\n\n<li class=\"animated flipInX\">Parceria ativa na rede de cuidados terap\u00eauticos, atrav\u00e9s da disponibiliza\u00e7\u00e3o de um servi\u00e7o inovador na regi\u00e3o de Hipoterapia, dirigido aos utentes da Associa\u00e7\u00e3o Portas P\u2019r\u00e0 Vida e a entidades p\u00fablicas e privadas que a eles<br>queiram recorrer.<\/li>\n<\/ul>\n\n\n\n<p class=\"animated flipInX\">A&nbsp;<strong>HIPOVIDA<\/strong>&nbsp;pretende combater o problema social da taxa de desemprego das pessoas com defici\u00eancia com o aumento da sua coloca\u00e7\u00e3o nas suas equipas, diminuindo assim a dificuldade de inser\u00e7\u00e3o no mercado de trabalho desta popula\u00e7\u00e3o. Pretende tamb\u00e9m desenvolver, restabelecer e maximizar compet\u00eancias nesta popula\u00e7\u00e3o, tanto a n\u00edvel de bem-estar\/ qualidade de vida e de relacionamento comportamental.<\/p>\n\n\n\n<p class=\"animated flipInX\">Esta\u00a0<strong>IIES<\/strong>\u00a0foi criada em 2017 ap\u00f3s a conclus\u00e3o de um estudo desenvolvido pelo corpo t\u00e9cnico da Associa\u00e7\u00e3o Portas P\u2019r\u00e0 Vida que apontou a Hipoterapia como uma mais valia terap\u00eautica para o desenvolvimento f\u00edsico-motor, psicol\u00f3gico, comportamental e relacional dos seus utentes.<\/p>\n\n\n\n<p class=\"animated flipInX\">A Associa\u00e7\u00e3o Portas P\u2019r\u00e0 Vida d\u00e1 atendimento a cidad\u00e3os portadores de defici\u00eancia e incapacidade nas val\u00eancias de Centro de Atividades e Capacita\u00e7\u00e3o para a Inclus\u00e3o, Forma\u00e7\u00e3o Profissional, Empresa de Inser\u00e7\u00e3o, Lar Residencial e Resid\u00eancias de Autonomiza\u00e7\u00e3o e Inclus\u00e3o. Dentro da val\u00eancia de Centro de Atividades e Capacita\u00e7\u00e3o para a Inclus\u00e3o, j\u00e1 se encontra a Hipoterapia e devido \u00e0 qualidade do servi\u00e7o prestado aos utentes a Associa\u00e7\u00e3o Portas P\u2019r\u00e0 Vida decidiu apoiar e promover este projeto,\u00a0<strong>HIPOVIDA<\/strong>, sendo o seu principal suporte. Esta viu assim uma oportunidade de elevar o seu objetivo principal, como empresa social, tendo como preocupa\u00e7\u00e3o constante a integra\u00e7\u00e3o no mercado de trabalho da pessoa com defici\u00eancia, contribuindo para uma maior inclus\u00e3o nas comunidades e diminuir o preconceito.<\/p>\n\n\n\n<p class=\"animated flipInX\"><strong>Servi\u00e7o HIPOVIDA<\/strong><\/p>\n\n\n\n<ul class=\"wp-block-list\">\n<li class=\"animated flipInX\">Hipoterapia;<\/li>\n\n\n\n<li class=\"animated flipInX\">Interven\u00e7\u00f5es Assistida por Animais.<\/li>\n<\/ul>","protected":false},"excerpt":{"rendered":"<p>A HIPOVIDA \u00e9 uma IIES (Iniciativa de Inova\u00e7\u00e3o e Empreendedorismo Social) na qual a sua organiza\u00e7\u00e3o promotora \u00e9 a Associa\u00e7\u00e3o Portas P\u2019r\u00e0 Vida (Associa\u00e7\u00e3o Pais e Amigos do Cidad\u00e3o Deficiente dos Concelhos Vale do Douro- Sul \u2013 APPV), Institui\u00e7\u00e3o Particular de Solidariedade Social sem fins lucrativos e de utilidade p\u00fablica, [&hellip;]<\/p>\n","protected":false},"author":1,"featured_media":0,"parent":0,"menu_order":0,"comment_status":"closed","ping_status":"closed","template":"page-templates\/template-page-sidebar.php","meta":{"_themeisle_gutenberg_block_has_review":false,"footnotes":""},"class_list":["post-62","page","type-page","status-publish","hentry"],"aioseo_notices":[],"_links":{"self":[{"href":"https:\/\/www.hipovida.pt\/en\/wp-json\/wp\/v2\/pages\/62","targetHints":{"allow":["GET"]}}],"collection":[{"href":"https:\/\/www.hipovida.pt\/en\/wp-json\/wp\/v2\/pages"}],"about":[{"href":"https:\/\/www.hipovida.pt\/en\/wp-json\/wp\/v2\/types\/page"}],"author":[{"embeddable":true,"href":"https:\/\/www.hipovida.pt\/en\/wp-json\/wp\/v2\/users\/1"}],"replies":[{"embeddable":true,"href":"https:\/\/www.hipovida.pt\/en\/wp-json\/wp\/v2\/comments?post=62"}],"version-history":[{"count":19,"href":"https:\/\/www.hipovida.pt\/en\/wp-json\/wp\/v2\/pages\/62\/revisions"}],"predecessor-version":[{"id":485,"href":"https:\/\/www.hipovida.pt\/en\/wp-json\/wp\/v2\/pages\/62\/revisions\/485"}],"wp:attachment":[{"href":"https:\/\/www.hipovida.pt\/en\/wp-json\/wp\/v2\/media?parent=62"}],"curies":[{"name":"wp","href":"https:\/\/api.w.org\/{rel}","templated":true}]}}