{"id":64,"date":"2020-03-13T11:38:45","date_gmt":"2020-03-13T11:38:45","guid":{"rendered":"https:\/\/www.hipovida.pt\/?page_id=64"},"modified":"2024-09-18T09:29:34","modified_gmt":"2024-09-18T09:29:34","slug":"objectivos","status":"publish","type":"page","link":"https:\/\/www.hipovida.pt\/en\/objectivos\/","title":{"rendered":"OBJECTIVOS"},"content":{"rendered":"<div class=\"wp-block-columns is-layout-flex wp-container-core-columns-is-layout-28f84493 wp-block-columns-is-layout-flex\">\n<div class=\"wp-block-column is-layout-flow wp-block-column-is-layout-flow\">\n<figure class=\"wp-block-image size-large is-resized animated fadeInLeftBig\"><img loading=\"lazy\" decoding=\"async\" width=\"768\" height=\"1024\" src=\"https:\/\/www.hipovida.pt\/wp-content\/uploads\/2024\/09\/453729480_1550588055757685_5327509734095183731_n-2-768x1024.jpg\" alt=\"\" class=\"wp-image-417\" style=\"width:415px;height:auto\" srcset=\"https:\/\/www.hipovida.pt\/wp-content\/uploads\/2024\/09\/453729480_1550588055757685_5327509734095183731_n-2-768x1024.jpg 768w, https:\/\/www.hipovida.pt\/wp-content\/uploads\/2024\/09\/453729480_1550588055757685_5327509734095183731_n-2-225x300.jpg 225w, https:\/\/www.hipovida.pt\/wp-content\/uploads\/2024\/09\/453729480_1550588055757685_5327509734095183731_n-2-1152x1536.jpg 1152w, https:\/\/www.hipovida.pt\/wp-content\/uploads\/2024\/09\/453729480_1550588055757685_5327509734095183731_n-2-9x12.jpg 9w, https:\/\/www.hipovida.pt\/wp-content\/uploads\/2024\/09\/453729480_1550588055757685_5327509734095183731_n-2-600x800.jpg 600w, https:\/\/www.hipovida.pt\/wp-content\/uploads\/2024\/09\/453729480_1550588055757685_5327509734095183731_n-2.jpg 1536w\" sizes=\"auto, (max-width: 768px) 100vw, 768px\" \/><\/figure>\n<\/div>\n\n\n\n<div class=\"wp-block-column is-layout-flow wp-block-column-is-layout-flow\">\n<figure class=\"wp-block-image size-large animated fadeInRightBig\"><img loading=\"lazy\" decoding=\"async\" width=\"768\" height=\"1024\" src=\"https:\/\/www.hipovida.pt\/wp-content\/uploads\/2024\/09\/453500331_1550588142424343_5053654845821638685_n-1-768x1024.jpg\" alt=\"\" class=\"wp-image-414\" srcset=\"https:\/\/www.hipovida.pt\/wp-content\/uploads\/2024\/09\/453500331_1550588142424343_5053654845821638685_n-1-768x1024.jpg 768w, https:\/\/www.hipovida.pt\/wp-content\/uploads\/2024\/09\/453500331_1550588142424343_5053654845821638685_n-1-225x300.jpg 225w, https:\/\/www.hipovida.pt\/wp-content\/uploads\/2024\/09\/453500331_1550588142424343_5053654845821638685_n-1-1152x1536.jpg 1152w, https:\/\/www.hipovida.pt\/wp-content\/uploads\/2024\/09\/453500331_1550588142424343_5053654845821638685_n-1-9x12.jpg 9w, https:\/\/www.hipovida.pt\/wp-content\/uploads\/2024\/09\/453500331_1550588142424343_5053654845821638685_n-1-600x800.jpg 600w, https:\/\/www.hipovida.pt\/wp-content\/uploads\/2024\/09\/453500331_1550588142424343_5053654845821638685_n-1.jpg 1536w\" sizes=\"auto, (max-width: 768px) 100vw, 768px\" \/><\/figure>\n<\/div>\n<\/div>\n\n\n\n<p class=\"animated fadeInBottomLeft\">A <strong>HIPOVIDA<\/strong> \u00e9 uma <strong>IIES<\/strong> (Iniciativa de Inova\u00e7\u00e3o e Empreendedorismo Social) que pretende combater o problema social da taxa de desemprego das pessoas com defici\u00eancia com o aumento da sua coloca\u00e7\u00e3o nas suas equipas, diminuindo assim a dificuldade de inser\u00e7\u00e3o no mercado de trabalho desta popula\u00e7\u00e3o. Pretende tamb\u00e9m desenvolver, restabelecer e maximizar compet\u00eancias na popula\u00e7\u00e3o, tanto a n\u00edvel de bem-estar\/qualidade de vida e de relacionamento comportamental.<\/p>\n\n\n\n<p class=\"animated fadeInBottomLeft\">Inclus\u00e3o social, proporciona melhor qualidade de vida aos seus clientes e m\u00faltiplas formas de viv\u00eancia em comum, dando-lhes respostas adequadas e qualificadas, nas suas diferentes fases de desenvolvimento.<\/p>\n\n\n\n<p class=\"animated fadeInBottomLeft\">Todos os colaboradores da HIPOVIDA devem agir com&nbsp;<strong>Responsabilidade<\/strong> e <strong>Profissionalismo<\/strong>, cultura de <strong>Integridade,&nbsp;Lealdade<\/strong>&nbsp;e&nbsp;<strong>\u00c9tica<\/strong> nos servi\u00e7os, agindo de forma discreta, garantindo a&nbsp;<strong>Privacidade e&nbsp;Confidencialidade<\/strong>&nbsp;dos clientes e zelando pelos bens que lhe s\u00e3o confiados. Devem ainda agir de forma solid\u00e1ria e cooperativa com vista a promover a qualidade dos nossos servi\u00e7os, bem como a qualidade de vida dos nossos clientes. Para tal \u00e9 necess\u00e1rio agir com&nbsp;<strong>Motiva\u00e7\u00e3o,&nbsp;Rigor,&nbsp;Trabalhar em equipa<\/strong>, sentindo orgulho de pertencer a esta institui\u00e7\u00e3o.<\/p>\n\n\n\n<p><\/p>","protected":false},"excerpt":{"rendered":"<p>A HIPOVIDA \u00e9 uma IIES (Iniciativa de Inova\u00e7\u00e3o e Empreendedorismo Social) que pretende combater o problema social da taxa de desemprego das pessoas com defici\u00eancia com o aumento da sua coloca\u00e7\u00e3o nas suas equipas, diminuindo assim a dificuldade de inser\u00e7\u00e3o no mercado de trabalho desta popula\u00e7\u00e3o. Pretende tamb\u00e9m desenvolver, restabelecer [&hellip;]<\/p>\n","protected":false},"author":1,"featured_media":0,"parent":0,"menu_order":0,"comment_status":"closed","ping_status":"closed","template":"","meta":{"_themeisle_gutenberg_block_has_review":false,"footnotes":""},"class_list":["post-64","page","type-page","status-publish","hentry"],"aioseo_notices":[],"_links":{"self":[{"href":"https:\/\/www.hipovida.pt\/en\/wp-json\/wp\/v2\/pages\/64","targetHints":{"allow":["GET"]}}],"collection":[{"href":"https:\/\/www.hipovida.pt\/en\/wp-json\/wp\/v2\/pages"}],"about":[{"href":"https:\/\/www.hipovida.pt\/en\/wp-json\/wp\/v2\/types\/page"}],"author":[{"embeddable":true,"href":"https:\/\/www.hipovida.pt\/en\/wp-json\/wp\/v2\/users\/1"}],"replies":[{"embeddable":true,"href":"https:\/\/www.hipovida.pt\/en\/wp-json\/wp\/v2\/comments?post=64"}],"version-history":[{"count":9,"href":"https:\/\/www.hipovida.pt\/en\/wp-json\/wp\/v2\/pages\/64\/revisions"}],"predecessor-version":[{"id":425,"href":"https:\/\/www.hipovida.pt\/en\/wp-json\/wp\/v2\/pages\/64\/revisions\/425"}],"wp:attachment":[{"href":"https:\/\/www.hipovida.pt\/en\/wp-json\/wp\/v2\/media?parent=64"}],"curies":[{"name":"wp","href":"https:\/\/api.w.org\/{rel}","templated":true}]}}